{"id":83,"date":"2019-02-27T19:37:57","date_gmt":"2019-02-27T18:37:57","guid":{"rendered":"http:\/\/mgc-pub.fr\/?page_id=83"},"modified":"2020-11-17T18:28:58","modified_gmt":"2020-11-17T17:28:58","slug":"image-de-marque","status":"publish","type":"page","link":"https:\/\/mgc-pub.fr\/?page_id=83","title":{"rendered":"PRINT"},"content":{"rendered":"\t\t<div data-elementor-type=\"wp-page\" data-elementor-id=\"83\" class=\"elementor elementor-83\">\n\t\t\t\t\t\t<div class=\"elementor-inner\">\n\t\t\t\t<div class=\"elementor-section-wrap\">\n\t\t\t\t\t\t\t\t\t<section class=\"elementor-section elementor-top-section elementor-element elementor-element-2be83da elementor-section-boxed elementor-section-height-default elementor-section-height-default\" data-id=\"2be83da\" data-element_type=\"section\">\n\t\t\t\t\t\t<div class=\"elementor-container elementor-column-gap-default\">\n\t\t\t\t\t\t\t<div class=\"elementor-row\">\n\t\t\t\t\t<div class=\"elementor-column elementor-col-33 elementor-top-column elementor-element elementor-element-6fb45ca\" data-id=\"6fb45ca\" data-element_type=\"column\">\n\t\t\t<div class=\"elementor-column-wrap elementor-element-populated\">\n\t\t\t\t\t\t\t<div class=\"elementor-widget-wrap\">\n\t\t\t\t\t\t<div class=\"elementor-element elementor-element-cd844a9 elementor-invisible elementor-widget elementor-widget-heading\" data-id=\"cd844a9\" data-element_type=\"widget\" data-settings=\"{&quot;_animation&quot;:&quot;fadeIn&quot;}\" data-widget_type=\"heading.default\">\n\t\t\t\t<div class=\"elementor-widget-container\">\n\t\t\t<h3 class=\"elementor-heading-title elementor-size-large\">CARTE DE VISITE<\/h3>\t\t<\/div>\n\t\t\t\t<\/div>\n\t\t\t\t<div class=\"elementor-element elementor-element-b8281d3 elementor-invisible elementor-widget elementor-widget-image\" data-id=\"b8281d3\" data-element_type=\"widget\" data-settings=\"{&quot;_animation&quot;:&quot;fadeIn&quot;}\" data-widget_type=\"image.default\">\n\t\t\t\t<div class=\"elementor-widget-container\">\n\t\t\t\t\t\t\t\t<div class=\"elementor-image\">\n\t\t\t\t\t\t\t\t\t\t\t\t<img loading=\"lazy\" decoding=\"async\" width=\"362\" height=\"350\" src=\"https:\/\/i0.wp.com\/mgc-pub.fr\/wp-content\/uploads\/2020\/10\/CV.jpg?fit=362%2C350&amp;ssl=1\" class=\"attachment-large size-large\" alt=\"\" srcset=\"https:\/\/i0.wp.com\/mgc-pub.fr\/wp-content\/uploads\/2020\/10\/CV.jpg?w=362&amp;ssl=1 362w, https:\/\/i0.wp.com\/mgc-pub.fr\/wp-content\/uploads\/2020\/10\/CV.jpg?resize=300%2C290&amp;ssl=1 300w\" sizes=\"auto, (max-width: 362px) 100vw, 362px\" data-attachment-id=\"482\" data-permalink=\"https:\/\/mgc-pub.fr\/?attachment_id=482\" data-orig-file=\"https:\/\/i0.wp.com\/mgc-pub.fr\/wp-content\/uploads\/2020\/10\/CV.jpg?fit=362%2C350&amp;ssl=1\" data-orig-size=\"362,350\" data-comments-opened=\"1\" data-image-meta=\"{&quot;aperture&quot;:&quot;0&quot;,&quot;credit&quot;:&quot;&quot;,&quot;camera&quot;:&quot;&quot;,&quot;caption&quot;:&quot;&quot;,&quot;created_timestamp&quot;:&quot;0&quot;,&quot;copyright&quot;:&quot;&quot;,&quot;focal_length&quot;:&quot;0&quot;,&quot;iso&quot;:&quot;0&quot;,&quot;shutter_speed&quot;:&quot;0&quot;,&quot;title&quot;:&quot;&quot;,&quot;orientation&quot;:&quot;1&quot;}\" data-image-title=\"CV\" data-image-description=\"\" data-image-caption=\"\" data-medium-file=\"https:\/\/i0.wp.com\/mgc-pub.fr\/wp-content\/uploads\/2020\/10\/CV.jpg?fit=300%2C290&amp;ssl=1\" data-large-file=\"https:\/\/i0.wp.com\/mgc-pub.fr\/wp-content\/uploads\/2020\/10\/CV.jpg?fit=362%2C350&amp;ssl=1\" \/>\t\t\t\t\t\t\t\t\t\t\t\t\t\t<\/div>\n\t\t\t\t\t\t<\/div>\n\t\t\t\t<\/div>\n\t\t\t\t<div class=\"elementor-element elementor-element-769d400 elementor-invisible elementor-widget elementor-widget-text-editor\" data-id=\"769d400\" data-element_type=\"widget\" data-settings=\"{&quot;_animation&quot;:&quot;fadeIn&quot;}\" data-widget_type=\"text-editor.default\">\n\t\t\t\t<div class=\"elementor-widget-container\">\n\t\t\t\t\t\t\t\t<div class=\"elementor-text-editor elementor-clearfix\">\n\t\t\t\t<p style=\"text-align: left;\">La carte de visite est un outils essentiel pour communiquer. Petite et facile \u00e0 transporter.\u00a0<span style=\"color: var( --e-global-color-text ); font-family: var( --e-global-typography-text-font-family );\">Elle est parfaite pour laisser ses coordonn\u00e9es \u00e0 un client.<\/span><\/p>\t\t\t\t\t<\/div>\n\t\t\t\t\t\t<\/div>\n\t\t\t\t<\/div>\n\t\t\t\t\t\t<\/div>\n\t\t\t\t\t<\/div>\n\t\t<\/div>\n\t\t\t\t<div class=\"elementor-column elementor-col-33 elementor-top-column elementor-element elementor-element-df2b0f3\" data-id=\"df2b0f3\" data-element_type=\"column\">\n\t\t\t<div class=\"elementor-column-wrap elementor-element-populated\">\n\t\t\t\t\t\t\t<div class=\"elementor-widget-wrap\">\n\t\t\t\t\t\t<div class=\"elementor-element elementor-element-c83cc20 elementor-invisible elementor-widget elementor-widget-heading\" data-id=\"c83cc20\" data-element_type=\"widget\" data-settings=\"{&quot;_animation&quot;:&quot;fadeIn&quot;}\" data-widget_type=\"heading.default\">\n\t\t\t\t<div class=\"elementor-widget-container\">\n\t\t\t<h3 class=\"elementor-heading-title elementor-size-large\">FLYER<\/h3>\t\t<\/div>\n\t\t\t\t<\/div>\n\t\t\t\t<div class=\"elementor-element elementor-element-8f670a6 elementor-invisible elementor-widget elementor-widget-image\" data-id=\"8f670a6\" data-element_type=\"widget\" data-settings=\"{&quot;_animation&quot;:&quot;fadeIn&quot;}\" data-widget_type=\"image.default\">\n\t\t\t\t<div class=\"elementor-widget-container\">\n\t\t\t\t\t\t\t\t<div class=\"elementor-image\">\n\t\t\t\t\t\t\t\t\t\t\t\t<img loading=\"lazy\" decoding=\"async\" width=\"362\" height=\"350\" src=\"https:\/\/i0.wp.com\/mgc-pub.fr\/wp-content\/uploads\/2020\/10\/flyer.jpg?fit=362%2C350&amp;ssl=1\" class=\"attachment-large size-large\" alt=\"\" srcset=\"https:\/\/i0.wp.com\/mgc-pub.fr\/wp-content\/uploads\/2020\/10\/flyer.jpg?w=362&amp;ssl=1 362w, https:\/\/i0.wp.com\/mgc-pub.fr\/wp-content\/uploads\/2020\/10\/flyer.jpg?resize=300%2C290&amp;ssl=1 300w\" sizes=\"auto, (max-width: 362px) 100vw, 362px\" data-attachment-id=\"483\" data-permalink=\"https:\/\/mgc-pub.fr\/?attachment_id=483\" data-orig-file=\"https:\/\/i0.wp.com\/mgc-pub.fr\/wp-content\/uploads\/2020\/10\/flyer.jpg?fit=362%2C350&amp;ssl=1\" data-orig-size=\"362,350\" data-comments-opened=\"1\" data-image-meta=\"{&quot;aperture&quot;:&quot;0&quot;,&quot;credit&quot;:&quot;&quot;,&quot;camera&quot;:&quot;&quot;,&quot;caption&quot;:&quot;&quot;,&quot;created_timestamp&quot;:&quot;0&quot;,&quot;copyright&quot;:&quot;&quot;,&quot;focal_length&quot;:&quot;0&quot;,&quot;iso&quot;:&quot;0&quot;,&quot;shutter_speed&quot;:&quot;0&quot;,&quot;title&quot;:&quot;&quot;,&quot;orientation&quot;:&quot;1&quot;}\" data-image-title=\"flyer\" data-image-description=\"\" data-image-caption=\"\" data-medium-file=\"https:\/\/i0.wp.com\/mgc-pub.fr\/wp-content\/uploads\/2020\/10\/flyer.jpg?fit=300%2C290&amp;ssl=1\" data-large-file=\"https:\/\/i0.wp.com\/mgc-pub.fr\/wp-content\/uploads\/2020\/10\/flyer.jpg?fit=362%2C350&amp;ssl=1\" \/>\t\t\t\t\t\t\t\t\t\t\t\t\t\t<\/div>\n\t\t\t\t\t\t<\/div>\n\t\t\t\t<\/div>\n\t\t\t\t<div class=\"elementor-element elementor-element-b8ae5df elementor-invisible elementor-widget elementor-widget-text-editor\" data-id=\"b8ae5df\" data-element_type=\"widget\" data-settings=\"{&quot;_animation&quot;:&quot;fadeIn&quot;}\" data-widget_type=\"text-editor.default\">\n\t\t\t\t<div class=\"elementor-widget-container\">\n\t\t\t\t\t\t\t\t<div class=\"elementor-text-editor elementor-clearfix\">\n\t\t\t\t<p>Le flyer\u00a0 est parfait pour promouvoir le lancement d\u2019une activit\u00e9 ou le d\u00e9roulement d\u2019un \u00e9v\u00e8nement. <br \/>Distribu\u00e9 \u00e0 un public le plus large et divers possible, il sera un condens\u00e9 d\u2019informations avec un visuel attractif qui doit retenir l\u2019attention.<\/p>\t\t\t\t\t<\/div>\n\t\t\t\t\t\t<\/div>\n\t\t\t\t<\/div>\n\t\t\t\t\t\t<\/div>\n\t\t\t\t\t<\/div>\n\t\t<\/div>\n\t\t\t\t<div class=\"elementor-column elementor-col-33 elementor-top-column elementor-element elementor-element-62688da\" data-id=\"62688da\" data-element_type=\"column\">\n\t\t\t<div class=\"elementor-column-wrap elementor-element-populated\">\n\t\t\t\t\t\t\t<div class=\"elementor-widget-wrap\">\n\t\t\t\t\t\t<div class=\"elementor-element elementor-element-948ff34 elementor-invisible elementor-widget elementor-widget-heading\" data-id=\"948ff34\" data-element_type=\"widget\" data-settings=\"{&quot;_animation&quot;:&quot;fadeIn&quot;}\" data-widget_type=\"heading.default\">\n\t\t\t\t<div class=\"elementor-widget-container\">\n\t\t\t<h3 class=\"elementor-heading-title elementor-size-large\">AFFICHE<\/h3>\t\t<\/div>\n\t\t\t\t<\/div>\n\t\t\t\t<div class=\"elementor-element elementor-element-4aaf2cc elementor-invisible elementor-widget elementor-widget-image\" data-id=\"4aaf2cc\" data-element_type=\"widget\" data-settings=\"{&quot;_animation&quot;:&quot;fadeIn&quot;}\" data-widget_type=\"image.default\">\n\t\t\t\t<div class=\"elementor-widget-container\">\n\t\t\t\t\t\t\t\t<div class=\"elementor-image\">\n\t\t\t\t\t\t\t\t\t\t\t\t<img loading=\"lazy\" decoding=\"async\" width=\"362\" height=\"350\" src=\"https:\/\/i0.wp.com\/mgc-pub.fr\/wp-content\/uploads\/2020\/10\/affiche.jpg?fit=362%2C350&amp;ssl=1\" class=\"attachment-large size-large\" alt=\"\" srcset=\"https:\/\/i0.wp.com\/mgc-pub.fr\/wp-content\/uploads\/2020\/10\/affiche.jpg?w=362&amp;ssl=1 362w, https:\/\/i0.wp.com\/mgc-pub.fr\/wp-content\/uploads\/2020\/10\/affiche.jpg?resize=300%2C290&amp;ssl=1 300w\" sizes=\"auto, (max-width: 362px) 100vw, 362px\" data-attachment-id=\"477\" data-permalink=\"https:\/\/mgc-pub.fr\/?attachment_id=477\" data-orig-file=\"https:\/\/i0.wp.com\/mgc-pub.fr\/wp-content\/uploads\/2020\/10\/affiche.jpg?fit=362%2C350&amp;ssl=1\" data-orig-size=\"362,350\" data-comments-opened=\"1\" data-image-meta=\"{&quot;aperture&quot;:&quot;0&quot;,&quot;credit&quot;:&quot;&quot;,&quot;camera&quot;:&quot;&quot;,&quot;caption&quot;:&quot;&quot;,&quot;created_timestamp&quot;:&quot;0&quot;,&quot;copyright&quot;:&quot;&quot;,&quot;focal_length&quot;:&quot;0&quot;,&quot;iso&quot;:&quot;0&quot;,&quot;shutter_speed&quot;:&quot;0&quot;,&quot;title&quot;:&quot;&quot;,&quot;orientation&quot;:&quot;1&quot;}\" data-image-title=\"affiche\" data-image-description=\"\" data-image-caption=\"\" data-medium-file=\"https:\/\/i0.wp.com\/mgc-pub.fr\/wp-content\/uploads\/2020\/10\/affiche.jpg?fit=300%2C290&amp;ssl=1\" data-large-file=\"https:\/\/i0.wp.com\/mgc-pub.fr\/wp-content\/uploads\/2020\/10\/affiche.jpg?fit=362%2C350&amp;ssl=1\" \/>\t\t\t\t\t\t\t\t\t\t\t\t\t\t<\/div>\n\t\t\t\t\t\t<\/div>\n\t\t\t\t<\/div>\n\t\t\t\t<div class=\"elementor-element elementor-element-d2cadc1 elementor-invisible elementor-widget elementor-widget-text-editor\" data-id=\"d2cadc1\" data-element_type=\"widget\" data-settings=\"{&quot;_animation&quot;:&quot;fadeIn&quot;}\" data-widget_type=\"text-editor.default\">\n\t\t\t\t<div class=\"elementor-widget-container\">\n\t\t\t\t\t\t\t\t<div class=\"elementor-text-editor elementor-clearfix\">\n\t\t\t\t<p>L\u2019affiche est un outils de publicit\u00e9 tr\u00e8s efficace qui permet de diffuser un message et d\u2019attirer l\u2019attention d\u2019une cible en particulier.<\/p>\t\t\t\t\t<\/div>\n\t\t\t\t\t\t<\/div>\n\t\t\t\t<\/div>\n\t\t\t\t\t\t<\/div>\n\t\t\t\t\t<\/div>\n\t\t<\/div>\n\t\t\t\t\t\t\t\t<\/div>\n\t\t\t\t\t<\/div>\n\t\t<\/section>\n\t\t\t\t<section class=\"elementor-section elementor-top-section elementor-element elementor-element-d5a7e45 elementor-section-boxed elementor-section-height-default elementor-section-height-default\" data-id=\"d5a7e45\" data-element_type=\"section\">\n\t\t\t\t\t\t<div class=\"elementor-container elementor-column-gap-default\">\n\t\t\t\t\t\t\t<div class=\"elementor-row\">\n\t\t\t\t\t<div class=\"elementor-column elementor-col-33 elementor-top-column elementor-element elementor-element-35f84ce\" data-id=\"35f84ce\" data-element_type=\"column\">\n\t\t\t<div class=\"elementor-column-wrap elementor-element-populated\">\n\t\t\t\t\t\t\t<div class=\"elementor-widget-wrap\">\n\t\t\t\t\t\t<div class=\"elementor-element elementor-element-d224606 elementor-invisible elementor-widget elementor-widget-heading\" data-id=\"d224606\" data-element_type=\"widget\" data-settings=\"{&quot;_animation&quot;:&quot;fadeIn&quot;}\" data-widget_type=\"heading.default\">\n\t\t\t\t<div class=\"elementor-widget-container\">\n\t\t\t<h3 class=\"elementor-heading-title elementor-size-large\">POCHETTE A RABAT<\/h3>\t\t<\/div>\n\t\t\t\t<\/div>\n\t\t\t\t<div class=\"elementor-element elementor-element-c2400c4 elementor-invisible elementor-widget elementor-widget-image\" data-id=\"c2400c4\" data-element_type=\"widget\" data-settings=\"{&quot;_animation&quot;:&quot;fadeIn&quot;}\" data-widget_type=\"image.default\">\n\t\t\t\t<div class=\"elementor-widget-container\">\n\t\t\t\t\t\t\t\t<div class=\"elementor-image\">\n\t\t\t\t\t\t\t\t\t\t\t\t<img loading=\"lazy\" decoding=\"async\" width=\"362\" height=\"350\" src=\"https:\/\/i0.wp.com\/mgc-pub.fr\/wp-content\/uploads\/2020\/10\/pochette.jpg?fit=362%2C350&amp;ssl=1\" class=\"attachment-large size-large\" alt=\"\" srcset=\"https:\/\/i0.wp.com\/mgc-pub.fr\/wp-content\/uploads\/2020\/10\/pochette.jpg?w=362&amp;ssl=1 362w, https:\/\/i0.wp.com\/mgc-pub.fr\/wp-content\/uploads\/2020\/10\/pochette.jpg?resize=300%2C290&amp;ssl=1 300w\" sizes=\"auto, (max-width: 362px) 100vw, 362px\" data-attachment-id=\"481\" data-permalink=\"https:\/\/mgc-pub.fr\/?attachment_id=481\" data-orig-file=\"https:\/\/i0.wp.com\/mgc-pub.fr\/wp-content\/uploads\/2020\/10\/pochette.jpg?fit=362%2C350&amp;ssl=1\" data-orig-size=\"362,350\" data-comments-opened=\"1\" data-image-meta=\"{&quot;aperture&quot;:&quot;0&quot;,&quot;credit&quot;:&quot;&quot;,&quot;camera&quot;:&quot;&quot;,&quot;caption&quot;:&quot;&quot;,&quot;created_timestamp&quot;:&quot;0&quot;,&quot;copyright&quot;:&quot;&quot;,&quot;focal_length&quot;:&quot;0&quot;,&quot;iso&quot;:&quot;0&quot;,&quot;shutter_speed&quot;:&quot;0&quot;,&quot;title&quot;:&quot;&quot;,&quot;orientation&quot;:&quot;1&quot;}\" data-image-title=\"pochette\" data-image-description=\"\" data-image-caption=\"\" data-medium-file=\"https:\/\/i0.wp.com\/mgc-pub.fr\/wp-content\/uploads\/2020\/10\/pochette.jpg?fit=300%2C290&amp;ssl=1\" data-large-file=\"https:\/\/i0.wp.com\/mgc-pub.fr\/wp-content\/uploads\/2020\/10\/pochette.jpg?fit=362%2C350&amp;ssl=1\" \/>\t\t\t\t\t\t\t\t\t\t\t\t\t\t<\/div>\n\t\t\t\t\t\t<\/div>\n\t\t\t\t<\/div>\n\t\t\t\t<div class=\"elementor-element elementor-element-9a99851 elementor-invisible elementor-widget elementor-widget-text-editor\" data-id=\"9a99851\" data-element_type=\"widget\" data-settings=\"{&quot;_animation&quot;:&quot;fadeIn&quot;}\" data-widget_type=\"text-editor.default\">\n\t\t\t\t<div class=\"elementor-widget-container\">\n\t\t\t\t\t\t\t\t<div class=\"elementor-text-editor elementor-clearfix\">\n\t\t\t\t<p style=\"text-align: left;\">La pochette \u00e0 rabat est l\u2019objet ad\u00e9quate pour communiquer et transporter facilement toute votre documentation. Consitue \u00e9galement un bel objet professionnel \u00e0 offrire \u00e0 un client.<br><\/p>\t\t\t\t\t<\/div>\n\t\t\t\t\t\t<\/div>\n\t\t\t\t<\/div>\n\t\t\t\t\t\t<\/div>\n\t\t\t\t\t<\/div>\n\t\t<\/div>\n\t\t\t\t<div class=\"elementor-column elementor-col-33 elementor-top-column elementor-element elementor-element-0544a2b\" data-id=\"0544a2b\" data-element_type=\"column\">\n\t\t\t<div class=\"elementor-column-wrap elementor-element-populated\">\n\t\t\t\t\t\t\t<div class=\"elementor-widget-wrap\">\n\t\t\t\t\t\t<div class=\"elementor-element elementor-element-fbe9cac elementor-invisible elementor-widget elementor-widget-heading\" data-id=\"fbe9cac\" data-element_type=\"widget\" data-settings=\"{&quot;_animation&quot;:&quot;fadeIn&quot;}\" data-widget_type=\"heading.default\">\n\t\t\t\t<div class=\"elementor-widget-container\">\n\t\t\t<h3 class=\"elementor-heading-title elementor-size-large\">CATALOGUE<\/h3>\t\t<\/div>\n\t\t\t\t<\/div>\n\t\t\t\t<div class=\"elementor-element elementor-element-288c4da elementor-invisible elementor-widget elementor-widget-image\" data-id=\"288c4da\" data-element_type=\"widget\" data-settings=\"{&quot;_animation&quot;:&quot;fadeIn&quot;}\" data-widget_type=\"image.default\">\n\t\t\t\t<div class=\"elementor-widget-container\">\n\t\t\t\t\t\t\t\t<div class=\"elementor-image\">\n\t\t\t\t\t\t\t\t\t\t\t\t<img loading=\"lazy\" decoding=\"async\" width=\"362\" height=\"350\" src=\"https:\/\/i0.wp.com\/mgc-pub.fr\/wp-content\/uploads\/2020\/10\/catalogue.jpg?fit=362%2C350&amp;ssl=1\" class=\"attachment-large size-large\" alt=\"\" srcset=\"https:\/\/i0.wp.com\/mgc-pub.fr\/wp-content\/uploads\/2020\/10\/catalogue.jpg?w=362&amp;ssl=1 362w, https:\/\/i0.wp.com\/mgc-pub.fr\/wp-content\/uploads\/2020\/10\/catalogue.jpg?resize=300%2C290&amp;ssl=1 300w\" sizes=\"auto, (max-width: 362px) 100vw, 362px\" data-attachment-id=\"480\" data-permalink=\"https:\/\/mgc-pub.fr\/?attachment_id=480\" data-orig-file=\"https:\/\/i0.wp.com\/mgc-pub.fr\/wp-content\/uploads\/2020\/10\/catalogue.jpg?fit=362%2C350&amp;ssl=1\" data-orig-size=\"362,350\" data-comments-opened=\"1\" data-image-meta=\"{&quot;aperture&quot;:&quot;0&quot;,&quot;credit&quot;:&quot;&quot;,&quot;camera&quot;:&quot;&quot;,&quot;caption&quot;:&quot;&quot;,&quot;created_timestamp&quot;:&quot;0&quot;,&quot;copyright&quot;:&quot;&quot;,&quot;focal_length&quot;:&quot;0&quot;,&quot;iso&quot;:&quot;0&quot;,&quot;shutter_speed&quot;:&quot;0&quot;,&quot;title&quot;:&quot;&quot;,&quot;orientation&quot;:&quot;1&quot;}\" data-image-title=\"catalogue\" data-image-description=\"\" data-image-caption=\"\" data-medium-file=\"https:\/\/i0.wp.com\/mgc-pub.fr\/wp-content\/uploads\/2020\/10\/catalogue.jpg?fit=300%2C290&amp;ssl=1\" data-large-file=\"https:\/\/i0.wp.com\/mgc-pub.fr\/wp-content\/uploads\/2020\/10\/catalogue.jpg?fit=362%2C350&amp;ssl=1\" \/>\t\t\t\t\t\t\t\t\t\t\t\t\t\t<\/div>\n\t\t\t\t\t\t<\/div>\n\t\t\t\t<\/div>\n\t\t\t\t<div class=\"elementor-element elementor-element-e739686 elementor-invisible elementor-widget elementor-widget-text-editor\" data-id=\"e739686\" data-element_type=\"widget\" data-settings=\"{&quot;_animation&quot;:&quot;fadeIn&quot;}\" data-widget_type=\"text-editor.default\">\n\t\t\t\t<div class=\"elementor-widget-container\">\n\t\t\t\t\t\t\t\t<div class=\"elementor-text-editor elementor-clearfix\">\n\t\t\t\t<p>Le catalogue est un objet id\u00e9al pour pr\u00e9senter tous vos produits \u00e0 votre client\u00e8le.<br><\/p>\t\t\t\t\t<\/div>\n\t\t\t\t\t\t<\/div>\n\t\t\t\t<\/div>\n\t\t\t\t\t\t<\/div>\n\t\t\t\t\t<\/div>\n\t\t<\/div>\n\t\t\t\t<div class=\"elementor-column elementor-col-33 elementor-top-column elementor-element elementor-element-a9f9fac\" data-id=\"a9f9fac\" data-element_type=\"column\">\n\t\t\t<div class=\"elementor-column-wrap elementor-element-populated\">\n\t\t\t\t\t\t\t<div class=\"elementor-widget-wrap\">\n\t\t\t\t\t\t<div class=\"elementor-element elementor-element-fa304f6 elementor-invisible elementor-widget elementor-widget-heading\" data-id=\"fa304f6\" data-element_type=\"widget\" data-settings=\"{&quot;_animation&quot;:&quot;fadeIn&quot;}\" data-widget_type=\"heading.default\">\n\t\t\t\t<div class=\"elementor-widget-container\">\n\t\t\t<h3 class=\"elementor-heading-title elementor-size-large\">Divers<\/h3>\t\t<\/div>\n\t\t\t\t<\/div>\n\t\t\t\t<div class=\"elementor-element elementor-element-57c7e9c elementor-invisible elementor-widget elementor-widget-text-editor\" data-id=\"57c7e9c\" data-element_type=\"widget\" data-settings=\"{&quot;_animation&quot;:&quot;fadeIn&quot;}\" data-widget_type=\"text-editor.default\">\n\t\t\t\t<div class=\"elementor-widget-container\">\n\t\t\t\t\t\t\t\t<div class=\"elementor-text-editor elementor-clearfix\">\n\t\t\t\t<p>Pour tout autre support de communication, n\u2019h\u00e9sitez pas \u00e0 nous contacter. Nous nous ferons un plaisir de\u00a0 r\u00e9pondre \u00e0 vos besoin et de trouver la solution la plus adapt\u00e9e..<\/p>\t\t\t\t\t<\/div>\n\t\t\t\t\t\t<\/div>\n\t\t\t\t<\/div>\n\t\t\t\t\t\t<\/div>\n\t\t\t\t\t<\/div>\n\t\t<\/div>\n\t\t\t\t\t\t\t\t<\/div>\n\t\t\t\t\t<\/div>\n\t\t<\/section>\n\t\t\t\t\t\t\t\t\t<\/div>\n\t\t\t<\/div>\n\t\t\t\t\t<\/div>\n\t\t","protected":false},"excerpt":{"rendered":"<p>CARTE DE VISITE La carte de visite est un outils essentiel pour communiquer. Petite et facile \u00e0 transporter.&nbsp;Elle est parfaite pour laisser ses coordonn\u00e9es \u00e0 un client. FLYER Le flyer&nbsp; est parfait pour promouvoir le lancement d\u2019une activit\u00e9 ou le d\u00e9roulement d\u2019un \u00e9v\u00e8nement. Distribu\u00e9 \u00e0 un public le plus large et divers possible, il sera<\/p>\n<div><a class=\"btn-filled btn\" href=\"https:\/\/mgc-pub.fr\/?page_id=83\" title=\"PRINT\">Lire la suite<\/a><\/div>\n","protected":false},"author":1,"featured_media":0,"parent":0,"menu_order":0,"comment_status":"closed","ping_status":"closed","template":"","meta":{"spay_email":"","footnotes":""},"class_list":["post-83","page","type-page","status-publish","hentry"],"jetpack_sharing_enabled":false,"jetpack_shortlink":"https:\/\/wp.me\/PaKVLo-1l","jetpack-related-posts":[{"id":134,"url":"https:\/\/mgc-pub.fr\/?page_id=134","url_meta":{"origin":83,"position":0},"title":"CR\u00c9ATION GRAPHIQUE","date":"28 f\u00e9vrier 2019","format":false,"excerpt":"Cr\u00e9ations de vos supports de communication Notre service PAO vous accompagnera tout au long du processus pour la r\u00e9alisation d\u2019un visuel de qualit\u00e9 pour valoriser l\u2019image de votre entreprise.LogosCarte de visitesPlaquette commercialesAffichesFlyersStickersB\u00e2chesDrapeauxKits d\u00e9co v\u00e9hiculesEnseignes et PLVRoll-upsStandsLogosCarte de visitesPlaquette commercialesAffichesFlyersStickersB\u00e2ches\u00a0DrapeauxKits d\u00e9co v\u00e9hiculesEnseignes et PLVRoll-upsStands Logos Carte de visites Plaquette commerciales Affiches\u2026","rel":"","context":"Article similaire","img":{"alt_text":"","src":"https:\/\/i0.wp.com\/mgc-pub.fr\/wp-content\/uploads\/2020\/11\/studio_graphique.jpg?resize=350%2C200","width":350,"height":200},"classes":[]}],"_links":{"self":[{"href":"https:\/\/mgc-pub.fr\/index.php?rest_route=\/wp\/v2\/pages\/83","targetHints":{"allow":["GET"]}}],"collection":[{"href":"https:\/\/mgc-pub.fr\/index.php?rest_route=\/wp\/v2\/pages"}],"about":[{"href":"https:\/\/mgc-pub.fr\/index.php?rest_route=\/wp\/v2\/types\/page"}],"author":[{"embeddable":true,"href":"https:\/\/mgc-pub.fr\/index.php?rest_route=\/wp\/v2\/users\/1"}],"replies":[{"embeddable":true,"href":"https:\/\/mgc-pub.fr\/index.php?rest_route=%2Fwp%2Fv2%2Fcomments&post=83"}],"version-history":[{"count":11,"href":"https:\/\/mgc-pub.fr\/index.php?rest_route=\/wp\/v2\/pages\/83\/revisions"}],"predecessor-version":[{"id":700,"href":"https:\/\/mgc-pub.fr\/index.php?rest_route=\/wp\/v2\/pages\/83\/revisions\/700"}],"wp:attachment":[{"href":"https:\/\/mgc-pub.fr\/index.php?rest_route=%2Fwp%2Fv2%2Fmedia&parent=83"}],"curies":[{"name":"wp","href":"https:\/\/api.w.org\/{rel}","templated":true}]}}