{"id":863,"date":"2021-01-24T00:36:43","date_gmt":"2021-01-23T23:36:43","guid":{"rendered":"http:\/\/mgc-pub.fr\/?page_id=863"},"modified":"2021-01-31T15:18:22","modified_gmt":"2021-01-31T14:18:22","slug":"impression","status":"publish","type":"page","link":"https:\/\/mgc-pub.fr\/?page_id=863","title":{"rendered":"IMPRESSION"},"content":{"rendered":"\t\t<div data-elementor-type=\"wp-page\" data-elementor-id=\"863\" class=\"elementor elementor-863\">\n\t\t\t\t\t\t<div class=\"elementor-inner\">\n\t\t\t\t<div class=\"elementor-section-wrap\">\n\t\t\t\t\t\t\t\t\t<section class=\"elementor-section elementor-top-section elementor-element elementor-element-32104a61 elementor-section-full_width elementor-section-height-default elementor-section-height-default elementor-invisible\" data-id=\"32104a61\" data-element_type=\"section\" data-settings=\"{&quot;background_background&quot;:&quot;slideshow&quot;,&quot;background_slideshow_gallery&quot;:[{&quot;id&quot;:879,&quot;url&quot;:&quot;http:\\\/\\\/mgc-pub.fr\\\/wp-content\\\/uploads\\\/2021\\\/01\\\/serigraphie-1.jpg&quot;}],&quot;animation&quot;:&quot;fadeIn&quot;,&quot;background_slideshow_loop&quot;:&quot;yes&quot;,&quot;background_slideshow_slide_duration&quot;:5000,&quot;background_slideshow_slide_transition&quot;:&quot;fade&quot;,&quot;background_slideshow_transition_duration&quot;:500}\">\n\t\t\t\t\t\t\t<div class=\"elementor-background-overlay\"><\/div>\n\t\t\t\t\t\t\t<div class=\"elementor-container elementor-column-gap-default\">\n\t\t\t\t\t\t\t<div class=\"elementor-row\">\n\t\t\t\t\t<div class=\"elementor-column elementor-col-100 elementor-top-column elementor-element elementor-element-1c1630ce\" data-id=\"1c1630ce\" data-element_type=\"column\">\n\t\t\t<div class=\"elementor-column-wrap elementor-element-populated\">\n\t\t\t\t\t\t\t<div class=\"elementor-widget-wrap\">\n\t\t\t\t\t\t<div class=\"elementor-element elementor-element-e1e1526 elementor-widget elementor-widget-heading\" data-id=\"e1e1526\" data-element_type=\"widget\" data-widget_type=\"heading.default\">\n\t\t\t\t<div class=\"elementor-widget-container\">\n\t\t\t<h3 class=\"elementor-heading-title elementor-size-default\">S\u00c9RIGRAPHIE<\/h3>\t\t<\/div>\n\t\t\t\t<\/div>\n\t\t\t\t<div class=\"elementor-element elementor-element-401971d7 elementor-widget elementor-widget-text-editor\" data-id=\"401971d7\" data-element_type=\"widget\" data-widget_type=\"text-editor.default\">\n\t\t\t\t<div class=\"elementor-widget-container\">\n\t\t\t\t\t\t\t\t<div class=\"elementor-text-editor elementor-clearfix\">\n\t\t\t\t<p><!-- wp:paragraph --><\/p>\n<p><span style=\"font-family: 'Noto Sans SC', sans-serif; font-size: 16px;\">La technique de marquage textile au rapport qualit\u00e9\/prix le plus \u00e9lev\u00e9. <br \/><\/span><strong><span style=\"font-family: 'Noto Sans SC', sans-serif; font-size: 16px;\"><span style=\"color: #00ccff;\">\u2295<\/span>\u00a0<\/span><\/strong><span style=\"font-family: 'Noto Sans SC', sans-serif; font-size: 16px;\">Id\u00e9ale pour les grandes quantit\u00e9s\u00a0 \u00a0 |\u00a0 \u00a0 <\/span><span style=\"font-family: 'Noto Sans SC', sans-serif; font-size: 16px;\"><strong><span style=\"color: #00ccff;\">\u2295<\/span><\/strong> Durabilit\u00e9\u00a0 \u00a0 |\u00a0 \u00a0 <\/span><span style=\"font-family: 'Noto Sans SC', sans-serif; font-size: 16px;\">\u00a0<\/span><span style=\"font-size: 16px; font-family: 'Noto Sans SC', sans-serif;\"><span style=\"color: #00ccff;\"><strong>\u2295<\/strong><\/span> Couleurs intenses<\/span><\/p>\n<p><!-- \/wp:paragraph --><\/p>\t\t\t\t\t<\/div>\n\t\t\t\t\t\t<\/div>\n\t\t\t\t<\/div>\n\t\t\t\t<section class=\"elementor-section elementor-inner-section elementor-element elementor-element-b565bed elementor-section-boxed elementor-section-height-default elementor-section-height-default\" data-id=\"b565bed\" data-element_type=\"section\">\n\t\t\t\t\t\t<div class=\"elementor-container elementor-column-gap-default\">\n\t\t\t\t\t\t\t<div class=\"elementor-row\">\n\t\t\t\t\t<div class=\"elementor-column elementor-col-50 elementor-inner-column elementor-element elementor-element-3791052\" data-id=\"3791052\" data-element_type=\"column\">\n\t\t\t<div class=\"elementor-column-wrap elementor-element-populated\">\n\t\t\t\t\t\t\t<div class=\"elementor-widget-wrap\">\n\t\t\t\t\t\t<div class=\"elementor-element elementor-element-8797c21 elementor-widget elementor-widget-text-editor\" data-id=\"8797c21\" data-element_type=\"widget\" data-widget_type=\"text-editor.default\">\n\t\t\t\t<div class=\"elementor-widget-container\">\n\t\t\t\t\t\t\t\t<div class=\"elementor-text-editor elementor-clearfix\">\n\t\t\t\t<p><span style=\"font-size: large;\"><strong><FONT size=\"10pt\">90%<\/font><\/strong><\/span><\/p>\n<p><strong>DURABILIT\u00c9<\/strong><\/p>\t\t\t\t\t<\/div>\n\t\t\t\t\t\t<\/div>\n\t\t\t\t<\/div>\n\t\t\t\t\t\t<\/div>\n\t\t\t\t\t<\/div>\n\t\t<\/div>\n\t\t\t\t<div class=\"elementor-column elementor-col-50 elementor-inner-column elementor-element elementor-element-137f1f9\" data-id=\"137f1f9\" data-element_type=\"column\">\n\t\t\t<div class=\"elementor-column-wrap elementor-element-populated\">\n\t\t\t\t\t\t\t<div class=\"elementor-widget-wrap\">\n\t\t\t\t\t\t<div class=\"elementor-element elementor-element-a4d04c2 elementor-widget elementor-widget-text-editor\" data-id=\"a4d04c2\" data-element_type=\"widget\" data-widget_type=\"text-editor.default\">\n\t\t\t\t<div class=\"elementor-widget-container\">\n\t\t\t\t\t\t\t\t<div class=\"elementor-text-editor elementor-clearfix\">\n\t\t\t\t<p><font size=\"+4\"><strong>100%<\/strong><\/font><\/p>\n<p><b>COULEUR<\/b><\/p>\t\t\t\t\t<\/div>\n\t\t\t\t\t\t<\/div>\n\t\t\t\t<\/div>\n\t\t\t\t\t\t<\/div>\n\t\t\t\t\t<\/div>\n\t\t<\/div>\n\t\t\t\t\t\t\t\t<\/div>\n\t\t\t\t\t<\/div>\n\t\t<\/section>\n\t\t\t\t<div class=\"elementor-element elementor-element-e21690d elementor-align-center elementor-widget elementor-widget-button\" data-id=\"e21690d\" data-element_type=\"widget\" data-widget_type=\"button.default\">\n\t\t\t\t<div class=\"elementor-widget-container\">\n\t\t\t\t\t<div class=\"elementor-button-wrapper\">\n\t\t\t<a href=\"http:\/\/mgc-pub.fr\/?page_id=956\" class=\"elementor-button-link elementor-button elementor-size-md\" role=\"button\">\n\t\t\t\t\t\t<span class=\"elementor-button-content-wrapper\">\n\t\t\t\t\t\t<span class=\"elementor-button-text\">D\u00e9couvrir<\/span>\n\t\t<\/span>\n\t\t\t\t\t<\/a>\n\t\t<\/div>\n\t\t\t\t<\/div>\n\t\t\t\t<\/div>\n\t\t\t\t\t\t<\/div>\n\t\t\t\t\t<\/div>\n\t\t<\/div>\n\t\t\t\t\t\t\t\t<\/div>\n\t\t\t\t\t<\/div>\n\t\t<\/section>\n\t\t\t\t<section class=\"elementor-section elementor-top-section elementor-element elementor-element-0ed793f elementor-section-full_width elementor-section-height-default elementor-section-height-default elementor-invisible\" data-id=\"0ed793f\" data-element_type=\"section\" data-settings=\"{&quot;background_background&quot;:&quot;slideshow&quot;,&quot;background_slideshow_gallery&quot;:[{&quot;id&quot;:881,&quot;url&quot;:&quot;http:\\\/\\\/mgc-pub.fr\\\/wp-content\\\/uploads\\\/2021\\\/01\\\/Impression-numerique.jpg&quot;}],&quot;animation&quot;:&quot;fadeIn&quot;,&quot;background_slideshow_loop&quot;:&quot;yes&quot;,&quot;background_slideshow_slide_duration&quot;:5000,&quot;background_slideshow_slide_transition&quot;:&quot;fade&quot;,&quot;background_slideshow_transition_duration&quot;:500}\">\n\t\t\t\t\t\t\t<div class=\"elementor-background-overlay\"><\/div>\n\t\t\t\t\t\t\t<div class=\"elementor-container elementor-column-gap-default\">\n\t\t\t\t\t\t\t<div class=\"elementor-row\">\n\t\t\t\t\t<div class=\"elementor-column elementor-col-100 elementor-top-column elementor-element elementor-element-e791d12\" data-id=\"e791d12\" data-element_type=\"column\">\n\t\t\t<div class=\"elementor-column-wrap elementor-element-populated\">\n\t\t\t\t\t\t\t<div class=\"elementor-widget-wrap\">\n\t\t\t\t\t\t<div class=\"elementor-element elementor-element-b3d1f8b elementor-widget elementor-widget-heading\" data-id=\"b3d1f8b\" data-element_type=\"widget\" data-widget_type=\"heading.default\">\n\t\t\t\t<div class=\"elementor-widget-container\">\n\t\t\t<h3 class=\"elementor-heading-title elementor-size-default\">IMPRESSION NUM\u00c9RIQUE<\/h3>\t\t<\/div>\n\t\t\t\t<\/div>\n\t\t\t\t<div class=\"elementor-element elementor-element-c8fe773 elementor-widget elementor-widget-text-editor\" data-id=\"c8fe773\" data-element_type=\"widget\" data-widget_type=\"text-editor.default\">\n\t\t\t\t<div class=\"elementor-widget-container\">\n\t\t\t\t\t\t\t\t<div class=\"elementor-text-editor elementor-clearfix\">\n\t\t\t\t<p><!-- wp:paragraph --><\/p>\n<p><span style=\"font-family: 'Noto Sans SC', sans-serif; font-size: 16px;\">Marquage textile id\u00e9al pour les visuels complexes. <br \/><span style=\"color: #99cc00;\"><strong>\u2295\u00a0<\/strong><\/span>Logos ultra-d\u00e9taill\u00e9s\u00a0 \u00a0 |\u00a0 \u00a0 <span style=\"color: #99cc00;\"><strong>\u2295\u00a0<\/strong><\/span>D\u00e9grad\u00e9s de couleurs\u00a0 \u00a0 |\u00a0 \u00a0<span style=\"color: #99cc00;\"><strong>\u2295 <\/strong><span style=\"color: #ffffff;\">Photographies<\/span><\/span><\/span><\/p>\n<p><!-- \/wp:paragraph --><\/p>\t\t\t\t\t<\/div>\n\t\t\t\t\t\t<\/div>\n\t\t\t\t<\/div>\n\t\t\t\t<section class=\"elementor-section elementor-inner-section elementor-element elementor-element-0218ccf elementor-section-boxed elementor-section-height-default elementor-section-height-default\" data-id=\"0218ccf\" data-element_type=\"section\">\n\t\t\t\t\t\t<div class=\"elementor-container elementor-column-gap-default\">\n\t\t\t\t\t\t\t<div class=\"elementor-row\">\n\t\t\t\t\t<div class=\"elementor-column elementor-col-50 elementor-inner-column elementor-element elementor-element-781ea36\" data-id=\"781ea36\" data-element_type=\"column\">\n\t\t\t<div class=\"elementor-column-wrap elementor-element-populated\">\n\t\t\t\t\t\t\t<div class=\"elementor-widget-wrap\">\n\t\t\t\t\t\t<div class=\"elementor-element elementor-element-dc74274 elementor-widget elementor-widget-text-editor\" data-id=\"dc74274\" data-element_type=\"widget\" data-widget_type=\"text-editor.default\">\n\t\t\t\t<div class=\"elementor-widget-container\">\n\t\t\t\t\t\t\t\t<div class=\"elementor-text-editor elementor-clearfix\">\n\t\t\t\t<p><span style=\"font-size: large;\"><strong><FONT size=\"10pt\">70%<\/font><\/strong><\/span><\/p>\n<p><strong>DURABILIT\u00c9<\/strong><\/p>\t\t\t\t\t<\/div>\n\t\t\t\t\t\t<\/div>\n\t\t\t\t<\/div>\n\t\t\t\t\t\t<\/div>\n\t\t\t\t\t<\/div>\n\t\t<\/div>\n\t\t\t\t<div class=\"elementor-column elementor-col-50 elementor-inner-column elementor-element elementor-element-a4fbd00\" data-id=\"a4fbd00\" data-element_type=\"column\">\n\t\t\t<div class=\"elementor-column-wrap elementor-element-populated\">\n\t\t\t\t\t\t\t<div class=\"elementor-widget-wrap\">\n\t\t\t\t\t\t<div class=\"elementor-element elementor-element-7ca94a0 elementor-widget elementor-widget-text-editor\" data-id=\"7ca94a0\" data-element_type=\"widget\" data-widget_type=\"text-editor.default\">\n\t\t\t\t<div class=\"elementor-widget-container\">\n\t\t\t\t\t\t\t\t<div class=\"elementor-text-editor elementor-clearfix\">\n\t\t\t\t<p><span><strong><font size=\"7\">100%<\/font><\/strong><\/span><\/p>\n<p><b>COULEUR<\/b><\/p>\t\t\t\t\t<\/div>\n\t\t\t\t\t\t<\/div>\n\t\t\t\t<\/div>\n\t\t\t\t\t\t<\/div>\n\t\t\t\t\t<\/div>\n\t\t<\/div>\n\t\t\t\t\t\t\t\t<\/div>\n\t\t\t\t\t<\/div>\n\t\t<\/section>\n\t\t\t\t<div class=\"elementor-element elementor-element-41343ff elementor-align-center elementor-widget elementor-widget-button\" data-id=\"41343ff\" data-element_type=\"widget\" data-widget_type=\"button.default\">\n\t\t\t\t<div class=\"elementor-widget-container\">\n\t\t\t\t\t<div class=\"elementor-button-wrapper\">\n\t\t\t<a href=\"http:\/\/mgc-pub.fr\/?page_id=962\" class=\"elementor-button-link elementor-button elementor-size-md\" role=\"button\">\n\t\t\t\t\t\t<span class=\"elementor-button-content-wrapper\">\n\t\t\t\t\t\t<span class=\"elementor-button-text\">D\u00e9couvrir<\/span>\n\t\t<\/span>\n\t\t\t\t\t<\/a>\n\t\t<\/div>\n\t\t\t\t<\/div>\n\t\t\t\t<\/div>\n\t\t\t\t\t\t<\/div>\n\t\t\t\t\t<\/div>\n\t\t<\/div>\n\t\t\t\t\t\t\t\t<\/div>\n\t\t\t\t\t<\/div>\n\t\t<\/section>\n\t\t\t\t<section class=\"elementor-section elementor-top-section elementor-element elementor-element-78ed1ef elementor-section-full_width elementor-section-height-default elementor-section-height-default elementor-invisible\" data-id=\"78ed1ef\" data-element_type=\"section\" data-settings=\"{&quot;background_background&quot;:&quot;slideshow&quot;,&quot;background_slideshow_gallery&quot;:[{&quot;id&quot;:883,&quot;url&quot;:&quot;http:\\\/\\\/mgc-pub.fr\\\/wp-content\\\/uploads\\\/2021\\\/01\\\/creashop-flocage-la-fleche-sarthe.jpg&quot;}],&quot;animation&quot;:&quot;fadeIn&quot;,&quot;background_slideshow_loop&quot;:&quot;yes&quot;,&quot;background_slideshow_slide_duration&quot;:5000,&quot;background_slideshow_slide_transition&quot;:&quot;fade&quot;,&quot;background_slideshow_transition_duration&quot;:500}\">\n\t\t\t\t\t\t\t<div class=\"elementor-background-overlay\"><\/div>\n\t\t\t\t\t\t\t<div class=\"elementor-container elementor-column-gap-default\">\n\t\t\t\t\t\t\t<div class=\"elementor-row\">\n\t\t\t\t\t<div class=\"elementor-column elementor-col-100 elementor-top-column elementor-element elementor-element-c044f7f\" data-id=\"c044f7f\" data-element_type=\"column\">\n\t\t\t<div class=\"elementor-column-wrap elementor-element-populated\">\n\t\t\t\t\t\t\t<div class=\"elementor-widget-wrap\">\n\t\t\t\t\t\t<div class=\"elementor-element elementor-element-c42126f elementor-widget elementor-widget-heading\" data-id=\"c42126f\" data-element_type=\"widget\" data-widget_type=\"heading.default\">\n\t\t\t\t<div class=\"elementor-widget-container\">\n\t\t\t<h3 class=\"elementor-heading-title elementor-size-default\">FLOCAGE<\/h3>\t\t<\/div>\n\t\t\t\t<\/div>\n\t\t\t\t<div class=\"elementor-element elementor-element-594cf6b elementor-widget elementor-widget-text-editor\" data-id=\"594cf6b\" data-element_type=\"widget\" data-widget_type=\"text-editor.default\">\n\t\t\t\t<div class=\"elementor-widget-container\">\n\t\t\t\t\t\t\t\t<div class=\"elementor-text-editor elementor-clearfix\">\n\t\t\t\t<p><!-- wp:paragraph --><\/p>\n<p><span style=\"font-family: 'Noto Sans SC', sans-serif; font-size: 16px;\">Le flocage pour les personnalisations \u00e0 la pi\u00e8ce, textiles de sport et logos une couleur. <br \/><\/span><span style=\"font-family: 'Noto Sans SC', sans-serif; font-size: 16px;\"><span style=\"color: #99cc00;\"><strong><span style=\"color: #ff6600;\">\u2295<\/span>\u00a0<\/strong><\/span><\/span><span style=\"font-family: 'Noto Sans SC', sans-serif; font-size: 16px;\">id\u00e9al pour personnalisation\u00a0 \u00a0 |\u00a0 \u00a0<\/span><strong style=\"color: #99cc00; font-family: 'Noto Sans SC', sans-serif; font-size: 16px;\"><span style=\"color: #ff6600;\">\u2295 <\/span><\/strong><span style=\"color: #ffffff;\">Co\u00fbt faible<\/span><span style=\"font-weight: var( --e-global-typography-text-font-weight ); font-family: 'Noto Sans SC', sans-serif; font-size: 16px;\">\u00a0 \u00a0 |\u00a0 \u00a0<\/span><strong style=\"color: #99cc00; font-family: 'Noto Sans SC', sans-serif; font-size: 16px;\"><span style=\"color: #ff6600;\">\u2295 <\/span><\/strong><span style=\"color: #ffffff;\">Multitude de couleurs<\/span><\/p>\n<p><!-- \/wp:paragraph --><\/p>\t\t\t\t\t<\/div>\n\t\t\t\t\t\t<\/div>\n\t\t\t\t<\/div>\n\t\t\t\t<section class=\"elementor-section elementor-inner-section elementor-element elementor-element-ee210ee elementor-section-boxed elementor-section-height-default elementor-section-height-default\" data-id=\"ee210ee\" data-element_type=\"section\">\n\t\t\t\t\t\t<div class=\"elementor-container elementor-column-gap-default\">\n\t\t\t\t\t\t\t<div class=\"elementor-row\">\n\t\t\t\t\t<div class=\"elementor-column elementor-col-50 elementor-inner-column elementor-element elementor-element-5c49c3d\" data-id=\"5c49c3d\" data-element_type=\"column\">\n\t\t\t<div class=\"elementor-column-wrap elementor-element-populated\">\n\t\t\t\t\t\t\t<div class=\"elementor-widget-wrap\">\n\t\t\t\t\t\t<div class=\"elementor-element elementor-element-f6b5d88 elementor-widget elementor-widget-text-editor\" data-id=\"f6b5d88\" data-element_type=\"widget\" data-widget_type=\"text-editor.default\">\n\t\t\t\t<div class=\"elementor-widget-container\">\n\t\t\t\t\t\t\t\t<div class=\"elementor-text-editor elementor-clearfix\">\n\t\t\t\t<p><span style=\"font-size: large;\"><strong><FONT size=\"10pt\">70%<\/font><\/strong><\/span><\/p>\n<p><strong>DURABILIT\u00c9<\/strong><\/p>\t\t\t\t\t<\/div>\n\t\t\t\t\t\t<\/div>\n\t\t\t\t<\/div>\n\t\t\t\t\t\t<\/div>\n\t\t\t\t\t<\/div>\n\t\t<\/div>\n\t\t\t\t<div class=\"elementor-column elementor-col-50 elementor-inner-column elementor-element elementor-element-edab5e8\" data-id=\"edab5e8\" data-element_type=\"column\">\n\t\t\t<div class=\"elementor-column-wrap elementor-element-populated\">\n\t\t\t\t\t\t\t<div class=\"elementor-widget-wrap\">\n\t\t\t\t\t\t<div class=\"elementor-element elementor-element-496dd0a elementor-widget elementor-widget-text-editor\" data-id=\"496dd0a\" data-element_type=\"widget\" data-widget_type=\"text-editor.default\">\n\t\t\t\t<div class=\"elementor-widget-container\">\n\t\t\t\t\t\t\t\t<div class=\"elementor-text-editor elementor-clearfix\">\n\t\t\t\t<p><span style=\"font-size: large;\"><span style=\"font-size: large;\"><strong><FONT size=\"10pt\">80%<\/font><\/strong><\/span><\/span><\/p>\n<p><b>COULEUR<\/b><\/p>\t\t\t\t\t<\/div>\n\t\t\t\t\t\t<\/div>\n\t\t\t\t<\/div>\n\t\t\t\t\t\t<\/div>\n\t\t\t\t\t<\/div>\n\t\t<\/div>\n\t\t\t\t\t\t\t\t<\/div>\n\t\t\t\t\t<\/div>\n\t\t<\/section>\n\t\t\t\t<div class=\"elementor-element elementor-element-3d0d279 elementor-align-center elementor-widget elementor-widget-button\" data-id=\"3d0d279\" data-element_type=\"widget\" data-widget_type=\"button.default\">\n\t\t\t\t<div class=\"elementor-widget-container\">\n\t\t\t\t\t<div class=\"elementor-button-wrapper\">\n\t\t\t<a href=\"http:\/\/mgc-pub.fr\/?page_id=963\" class=\"elementor-button-link elementor-button elementor-size-md\" role=\"button\">\n\t\t\t\t\t\t<span class=\"elementor-button-content-wrapper\">\n\t\t\t\t\t\t<span class=\"elementor-button-text\">D\u00e9couvrir<\/span>\n\t\t<\/span>\n\t\t\t\t\t<\/a>\n\t\t<\/div>\n\t\t\t\t<\/div>\n\t\t\t\t<\/div>\n\t\t\t\t\t\t<\/div>\n\t\t\t\t\t<\/div>\n\t\t<\/div>\n\t\t\t\t\t\t\t\t<\/div>\n\t\t\t\t\t<\/div>\n\t\t<\/section>\n\t\t\t\t\t\t\t\t\t<\/div>\n\t\t\t<\/div>\n\t\t\t\t\t<\/div>\n\t\t","protected":false},"excerpt":{"rendered":"<p>S\u00c9RIGRAPHIE La technique de marquage textile au rapport qualit\u00e9\/prix le plus \u00e9lev\u00e9. \u2295\u00a0Id\u00e9ale pour les grandes quantit\u00e9s\u00a0 \u00a0 |\u00a0 \u00a0 \u2295 Durabilit\u00e9\u00a0 \u00a0 |\u00a0 \u00a0 \u00a0\u2295 Couleurs intenses 90% DURABILIT\u00c9 100% COULEUR D\u00e9couvrir IMPRESSION NUM\u00c9RIQUE Marquage textile id\u00e9al pour les visuels complexes. \u2295\u00a0Logos ultra-d\u00e9taill\u00e9s\u00a0 \u00a0 |\u00a0 \u00a0 \u2295\u00a0D\u00e9grad\u00e9s de couleurs\u00a0 \u00a0 |\u00a0 \u00a0\u2295 Photographies 70%<\/p>\n<div><a class=\"btn-filled btn\" href=\"https:\/\/mgc-pub.fr\/?page_id=863\" title=\"IMPRESSION\">Lire la suite<\/a><\/div>\n","protected":false},"author":1,"featured_media":0,"parent":0,"menu_order":0,"comment_status":"closed","ping_status":"closed","template":"","meta":{"spay_email":"","footnotes":""},"class_list":["post-863","page","type-page","status-publish","hentry"],"jetpack_sharing_enabled":true,"jetpack_shortlink":"https:\/\/wp.me\/PaKVLo-dV","jetpack-related-posts":[{"id":962,"url":"https:\/\/mgc-pub.fr\/?page_id=962","url_meta":{"origin":863,"position":0},"title":"IMPRESSION NUM\u00c9RIQUE","date":"30 janvier 2021","format":false,"excerpt":"70% DURABILIT\u00c9 100% COULEUR Marquage textile id\u00e9al pour les visuels complexes. \u2295\u00a0Logos ultra-d\u00e9taill\u00e9s\u00a0 \u00a0 |\u00a0 \u00a0 \u2295\u00a0D\u00e9grad\u00e9s de couleurs\u00a0 \u00a0 |\u00a0 \u00a0\u2295 Photographies IMPRESSION NUM\u00c9RIQUE Gr\u00e2ce au flex num\u00e9rique, le marquage textile avec des visuels complexes ou des d\u00e9grad\u00e9s est aujourd'hui possible.Le flex num\u00e9rique s'imprime comme n'importe quel papier et\u2026","rel":"","context":"Article similaire","img":{"alt_text":"","src":"","width":0,"height":0},"classes":[]},{"id":956,"url":"https:\/\/mgc-pub.fr\/?page_id=956","url_meta":{"origin":863,"position":1},"title":"S\u00c9RIGRAPHIE","date":"30 janvier 2021","format":false,"excerpt":"90% DURABILIT\u00c9 100% COULEUR La technique de marquage textile au rapport qualit\u00e9\/prix le plus \u00e9lev\u00e9. \u2295\u00a0Id\u00e9ale pour les grandes quantit\u00e9s\u00a0 \u00a0 |\u00a0 \u00a0 \u2295 Durabilit\u00e9\u00a0 \u00a0 |\u00a0 \u00a0 \u00a0\u2295 Couleurs intenses S\u00c9RIGRAPHIE La s\u00e9rigraphie est la technique de marquage pr\u00e9conis\u00e9e pour les volumes importants de textiles. Id\u00e9ale pour les \u00e9v\u00e8nements\u2026","rel":"","context":"Article similaire","img":{"alt_text":"","src":"","width":0,"height":0},"classes":[]},{"id":10,"url":"https:\/\/mgc-pub.fr\/?page_id=10","url_meta":{"origin":863,"position":2},"title":"MARQUAGE TEXTILE","date":"28 f\u00e9vrier 2019","format":false,"excerpt":"BRODERIE \/ LOGO M\u00e9thode adapt\u00e9 aux op\u00e9rations de pr\u00e9stige et d\u2019image, la broderie est un proc\u00e9d\u00e9 de transformation tr\u00e8s qualitatif et la garantie d\u2019une grande long\u00e9vit\u00e9. On l\u2019utilise plus particuli\u00e8rement sur tous textiles de bonne tenue, apportant une r\u00e9elle plus value : Tshirt Polo Sweat-shirts Softshell Parka V\u00eatements de travail\u2026","rel":"","context":"Article similaire","img":{"alt_text":"","src":"https:\/\/i0.wp.com\/mgc-pub.fr\/wp-content\/uploads\/2019\/06\/broderie1.jpg?resize=350%2C200","width":350,"height":200},"classes":[]},{"id":963,"url":"https:\/\/mgc-pub.fr\/?page_id=963","url_meta":{"origin":863,"position":3},"title":"FLOCAGE","date":"30 janvier 2021","format":false,"excerpt":"70% DURABILIT\u00c9 80% COULEUR Le flocage pour les personnalisations \u00e0 la pi\u00e8ce, textiles de sport et logos une couleur. \u2295\u00a0id\u00e9al pour personnalisation\u00a0 \u00a0 |\u00a0 \u00a0\u2295 Co\u00fbt faible\u00a0 \u00a0 |\u00a0 \u00a0\u2295 Multitude de couleurs FLOCAGE Le flocage consiste \u00e0 coller de la mati\u00e8re vinyle sur un textile en le chauffant apr\u00e8s\u2026","rel":"","context":"Article similaire","img":{"alt_text":"","src":"","width":0,"height":0},"classes":[]},{"id":809,"url":"https:\/\/mgc-pub.fr\/?page_id=809","url_meta":{"origin":863,"position":4},"title":"BRODERIE CLASSIQUE","date":"21 janvier 2021","format":false,"excerpt":"100% DURABILIT\u00c9100% COULEUR90% COMPLEXIT\u00c9 La broderie sublime tous les textiles s\u00e9lectionn\u00e9s\u00a0par sa pr\u00e9cision et son rendu fid\u00e8le des couleurs des visuels Broderie Classique La broderie, m\u00eame classique, offre un aspect de grande qualit\u00e9 et un relief unique. Au toucher, elle offre une sensation premium de marquage indestructible. Possible sur les\u2026","rel":"","context":"Article similaire","img":{"alt_text":"","src":"","width":0,"height":0},"classes":[]},{"id":764,"url":"https:\/\/mgc-pub.fr\/?page_id=764","url_meta":{"origin":863,"position":5},"title":"BRODERIE","date":"21 janvier 2021","format":false,"excerpt":"BRODERIE CLASSIQUE La broderie sublime tous les textiles s\u00e9lectionn\u00e9s\u00a0par sa pr\u00e9cision et son rendu fid\u00e8le des couleurs des visuels 100% DURABILIT\u00c9100% COULEUR90% COMPLEXIT\u00c9 D\u00e9couvrir BRODERIE 3D \u00c0 coudre ou \u00e0 thermocoller, les \u00e9cussons offrent un visuel unique et tr\u00e8s pr\u00e9cis. Ils apportent une v\u00e9ritable valeur ajout\u00e9e \u00e0 votre textile 100%\u2026","rel":"","context":"Article similaire","img":{"alt_text":"","src":"","width":0,"height":0},"classes":[]}],"_links":{"self":[{"href":"https:\/\/mgc-pub.fr\/index.php?rest_route=\/wp\/v2\/pages\/863","targetHints":{"allow":["GET"]}}],"collection":[{"href":"https:\/\/mgc-pub.fr\/index.php?rest_route=\/wp\/v2\/pages"}],"about":[{"href":"https:\/\/mgc-pub.fr\/index.php?rest_route=\/wp\/v2\/types\/page"}],"author":[{"embeddable":true,"href":"https:\/\/mgc-pub.fr\/index.php?rest_route=\/wp\/v2\/users\/1"}],"replies":[{"embeddable":true,"href":"https:\/\/mgc-pub.fr\/index.php?rest_route=%2Fwp%2Fv2%2Fcomments&post=863"}],"version-history":[{"count":38,"href":"https:\/\/mgc-pub.fr\/index.php?rest_route=\/wp\/v2\/pages\/863\/revisions"}],"predecessor-version":[{"id":1001,"href":"https:\/\/mgc-pub.fr\/index.php?rest_route=\/wp\/v2\/pages\/863\/revisions\/1001"}],"wp:attachment":[{"href":"https:\/\/mgc-pub.fr\/index.php?rest_route=%2Fwp%2Fv2%2Fmedia&parent=863"}],"curies":[{"name":"wp","href":"https:\/\/api.w.org\/{rel}","templated":true}]}}